{"id":2,"date":"2016-12-14T11:51:40","date_gmt":"2016-12-14T10:51:40","guid":{"rendered":"http:\/\/www.was-ist-cosplay.at\/?page_id=2"},"modified":"2019-04-18T17:27:10","modified_gmt":"2019-04-18T15:27:10","slug":"beispiel-seite","status":"publish","type":"page","link":"https:\/\/www.was-ist-cosplay.at\/","title":{"rendered":"Das Buch"},"content":{"rendered":"<p><img loading=\"lazy\" decoding=\"async\" class=\"size-medium wp-image-56 alignleft\" src=\"https:\/\/www.was-ist-cosplay.at\/wp-content\/uploads\/2016\/12\/cover-bod-final-1-210x300.jpg\" alt=\"\" width=\"210\" height=\"300\" srcset=\"https:\/\/www.was-ist-cosplay.at\/wp-content\/uploads\/2016\/12\/cover-bod-final-1-210x300.jpg 210w, https:\/\/www.was-ist-cosplay.at\/wp-content\/uploads\/2016\/12\/cover-bod-final-1-768x1095.jpg 768w, https:\/\/www.was-ist-cosplay.at\/wp-content\/uploads\/2016\/12\/cover-bod-final-1-718x1024.jpg 718w, https:\/\/www.was-ist-cosplay.at\/wp-content\/uploads\/2016\/12\/cover-bod-final-1.jpg 1739w\" sizes=\"auto, (max-width: 210px) 100vw, 210px\" \/>Dieses Buch ist (m)ein Res\u00fcmee aus allen Erfahrungen, die ich mit Cosplayern, Eltern, Medien, Helfern, Firmen, Politikern und anderen Organisatoren bei japanbezogenen Veranstaltungen gemacht habe. Es ist kein Lehrbuch zur Kost\u00fcmherstellung oder Materialkunde, kein Leitfaden f\u00fcr Fotoshootings und enth\u00e4lt auch keinerlei Veranstaltungsberichte. Es ist gedacht f\u00fcr Au\u00dfenstehende, wie Eltern, Gro\u00dfeltern, Lehrer, Erzieher und alle Leute, die sich f\u00fcr das Thema interessieren oder irgendwie sonst damit in Kontakt kommen oder gekommen sind. F\u00fcr alle Leute, die wissen m\u00f6chten, was genau eigentlich hinter Cosplay steckt und mit welchen Problemen sich Cosplayer, aber auch Veranstalter von Cosplay-Wettbewerben \u201eherumschlagen\u201c m\u00fcssen. Neben Cosplayern, Fotografen und Firmen kommen auch andere Organisatoren und Veranstalter in Interviews mit Ihrer Sicht der Dinge zu Worte.<\/p>\n<p><strong>Gedrucktes Buch<\/strong><\/p>\n<p>ISBN: 9783741295546<br \/>\nPreis: 29,90 Euro<br \/>\nSeitenzahl: 272, Softcover<br \/>\nErh\u00e4ltlich im Buchhandel und Online (<a href=\"https:\/\/www.amazon.de\/Was-ist-Cosplay-Fritjof-Eckardt\/dp\/374129554X\/\" target=\"_blank\" rel=\"noopener\">Amazon<\/a>)<\/p>\n<p><strong>E-Book<br \/>\n<\/strong><\/p>\n<p>ISBN: 9783743106789<br \/>\nPreis: 14,99 Euro<br \/>\nAnbieter: <a href=\"https:\/\/itunes.apple.com\/de\/book\/was-ist-cosplay\/id1186293459?mt=11\" target=\"_blank\" rel=\"noopener\">Apple iBooks<\/a>, <a href=\"https:\/\/www.amazon.de\/dp\/B01NCLE5YC\/ref=sr_1_1?s=digital-text&amp;ie=UTF8&amp;qid=1481755733\" target=\"_blank\" rel=\"noopener\">Amazon Kindle Shop<\/a> oder <a href=\"https:\/\/www.thalia.de\/shop\/home\/rubrikrecentartikel\/was_ist_cosplay\/fritjof_eckardt\/EAN9783743106789\/ID50396113.html?jumpId=43074372\" target=\"_blank\" rel=\"noopener\">Tolino Shop<\/a><\/p>\n<p>Ausz\u00fcge aus dem Buch<\/p>\n<div id='gallery-1' class='gallery galleryid-2 gallery-columns-3 gallery-size-thumbnail'><figure class='gallery-item'>\n\t\t\t<div class='gallery-icon portrait'>\n\t\t\t\t<a href='https:\/\/www.was-ist-cosplay.at\/?attachment_id=200'><img loading=\"lazy\" decoding=\"async\" width=\"150\" height=\"150\" src=\"https:\/\/www.was-ist-cosplay.at\/wp-content\/uploads\/2016\/12\/6-7-150x150.jpg\" class=\"attachment-thumbnail size-thumbnail\" alt=\"\" srcset=\"https:\/\/www.was-ist-cosplay.at\/wp-content\/uploads\/2016\/12\/6-7-150x150.jpg 150w, https:\/\/www.was-ist-cosplay.at\/wp-content\/uploads\/2016\/12\/6-7-67x67.jpg 67w\" sizes=\"auto, (max-width: 150px) 100vw, 150px\" \/><\/a>\n\t\t\t<\/div><\/figure><figure class='gallery-item'>\n\t\t\t<div class='gallery-icon portrait'>\n\t\t\t\t<a href='https:\/\/www.was-ist-cosplay.at\/?attachment_id=201'><img loading=\"lazy\" decoding=\"async\" width=\"150\" height=\"150\" src=\"https:\/\/www.was-ist-cosplay.at\/wp-content\/uploads\/2016\/12\/6-72-150x150.jpg\" class=\"attachment-thumbnail size-thumbnail\" alt=\"\" srcset=\"https:\/\/www.was-ist-cosplay.at\/wp-content\/uploads\/2016\/12\/6-72-150x150.jpg 150w, https:\/\/www.was-ist-cosplay.at\/wp-content\/uploads\/2016\/12\/6-72-67x67.jpg 67w\" sizes=\"auto, (max-width: 150px) 100vw, 150px\" \/><\/a>\n\t\t\t<\/div><\/figure><figure class='gallery-item'>\n\t\t\t<div class='gallery-icon portrait'>\n\t\t\t\t<a href='https:\/\/www.was-ist-cosplay.at\/?attachment_id=202'><img loading=\"lazy\" decoding=\"async\" width=\"150\" height=\"150\" src=\"https:\/\/www.was-ist-cosplay.at\/wp-content\/uploads\/2016\/12\/17-150x150.jpg\" class=\"attachment-thumbnail size-thumbnail\" alt=\"\" srcset=\"https:\/\/www.was-ist-cosplay.at\/wp-content\/uploads\/2016\/12\/17-150x150.jpg 150w, https:\/\/www.was-ist-cosplay.at\/wp-content\/uploads\/2016\/12\/17-67x67.jpg 67w\" sizes=\"auto, (max-width: 150px) 100vw, 150px\" \/><\/a>\n\t\t\t<\/div><\/figure><figure class='gallery-item'>\n\t\t\t<div class='gallery-icon portrait'>\n\t\t\t\t<a href='https:\/\/www.was-ist-cosplay.at\/?attachment_id=203'><img loading=\"lazy\" decoding=\"async\" width=\"150\" height=\"150\" src=\"https:\/\/www.was-ist-cosplay.at\/wp-content\/uploads\/2016\/12\/35-150x150.jpg\" class=\"attachment-thumbnail size-thumbnail\" alt=\"\" srcset=\"https:\/\/www.was-ist-cosplay.at\/wp-content\/uploads\/2016\/12\/35-150x150.jpg 150w, https:\/\/www.was-ist-cosplay.at\/wp-content\/uploads\/2016\/12\/35-67x67.jpg 67w\" sizes=\"auto, (max-width: 150px) 100vw, 150px\" \/><\/a>\n\t\t\t<\/div><\/figure><figure class='gallery-item'>\n\t\t\t<div class='gallery-icon portrait'>\n\t\t\t\t<a href='https:\/\/www.was-ist-cosplay.at\/?attachment_id=205'><img loading=\"lazy\" decoding=\"async\" width=\"150\" height=\"150\" src=\"https:\/\/www.was-ist-cosplay.at\/wp-content\/uploads\/2016\/12\/159-150x150.jpg\" class=\"attachment-thumbnail size-thumbnail\" alt=\"\" srcset=\"https:\/\/www.was-ist-cosplay.at\/wp-content\/uploads\/2016\/12\/159-150x150.jpg 150w, https:\/\/www.was-ist-cosplay.at\/wp-content\/uploads\/2016\/12\/159-67x67.jpg 67w\" sizes=\"auto, (max-width: 150px) 100vw, 150px\" \/><\/a>\n\t\t\t<\/div><\/figure><figure class='gallery-item'>\n\t\t\t<div class='gallery-icon portrait'>\n\t\t\t\t<a href='https:\/\/www.was-ist-cosplay.at\/?attachment_id=206'><img loading=\"lazy\" decoding=\"async\" width=\"150\" height=\"150\" src=\"https:\/\/www.was-ist-cosplay.at\/wp-content\/uploads\/2016\/12\/183-150x150.jpg\" class=\"attachment-thumbnail size-thumbnail\" alt=\"\" srcset=\"https:\/\/www.was-ist-cosplay.at\/wp-content\/uploads\/2016\/12\/183-150x150.jpg 150w, https:\/\/www.was-ist-cosplay.at\/wp-content\/uploads\/2016\/12\/183-67x67.jpg 67w\" sizes=\"auto, (max-width: 150px) 100vw, 150px\" \/><\/a>\n\t\t\t<\/div><\/figure>\n\t\t<\/div>\n\n<p>Themen die im Buch behandelt werden<\/p>\n<ul>\n<li>Was ist Cosplay und warum macht man das?<\/li>\n<li>Wie entwickelte sich Cosplay in Deutschland?<\/li>\n<li>Das Image und Verhalten von Cosplayern in Deutschland<\/li>\n<li>Wie laufen Japan-Conventions und Treffen ab?<\/li>\n<li>Wie entsteht ein Kost\u00fcm?<\/li>\n<li>Die verschiedenen Cosplayer-Typen<\/li>\n<li>Die Cosplayer-Visitenkarte<\/li>\n<li>Die Cosplayer-Homepage<\/li>\n<li>Fotografen, Cosplay-Fotoshootings und Cosplay-Videos<\/li>\n<li>Was ist ein Cosplay-Wettbewerb?<\/li>\n<li>Die Teilnahme an einem Cosplay-Wettbewerb<\/li>\n<li>Die Organisation von Cosplay-Wettbewerben<\/li>\n<li>Bekannte Cosplayer zu Veranstaltungen einladen?<\/li>\n<li>Die konventionellen Medien<\/li>\n<li>Tipps f\u00fcr Cosplayer zum Umgang mit Medienvertretern<\/li>\n<li>Die neuen Medien<\/li>\n<li>Tipps f\u00fcr Cosplayer zum Umgang mit den neuen Medien<\/li>\n<li>Die Firmen, die Politik und die Sponsoren<\/li>\n<li>Mit Cosplay Geld verdienen?<\/li>\n<li>Die \u201eFreunde\u201c<\/li>\n<li>Das \u201eTraumland\u201c Japan?<\/li>\n<li>Fazit<\/li>\n<\/ul>\n","protected":false},"excerpt":{"rendered":"<p> <span class=\"readmore\"><a href=\"https:\/\/www.was-ist-cosplay.at\/\">Weiterlesen\u00a0\u2026<\/a><\/span><\/p>\n","protected":false},"author":1,"featured_media":62,"parent":0,"menu_order":0,"comment_status":"closed","ping_status":"open","template":"","meta":{"footnotes":""},"class_list":["post-2","page","type-page","status-publish","has-post-thumbnail","hentry"],"_links":{"self":[{"href":"https:\/\/www.was-ist-cosplay.at\/index.php?rest_route=\/wp\/v2\/pages\/2","targetHints":{"allow":["GET"]}}],"collection":[{"href":"https:\/\/www.was-ist-cosplay.at\/index.php?rest_route=\/wp\/v2\/pages"}],"about":[{"href":"https:\/\/www.was-ist-cosplay.at\/index.php?rest_route=\/wp\/v2\/types\/page"}],"author":[{"embeddable":true,"href":"https:\/\/www.was-ist-cosplay.at\/index.php?rest_route=\/wp\/v2\/users\/1"}],"replies":[{"embeddable":true,"href":"https:\/\/www.was-ist-cosplay.at\/index.php?rest_route=%2Fwp%2Fv2%2Fcomments&post=2"}],"version-history":[{"count":27,"href":"https:\/\/www.was-ist-cosplay.at\/index.php?rest_route=\/wp\/v2\/pages\/2\/revisions"}],"predecessor-version":[{"id":338,"href":"https:\/\/www.was-ist-cosplay.at\/index.php?rest_route=\/wp\/v2\/pages\/2\/revisions\/338"}],"wp:featuredmedia":[{"embeddable":true,"href":"https:\/\/www.was-ist-cosplay.at\/index.php?rest_route=\/wp\/v2\/media\/62"}],"wp:attachment":[{"href":"https:\/\/www.was-ist-cosplay.at\/index.php?rest_route=%2Fwp%2Fv2%2Fmedia&parent=2"}],"curies":[{"name":"wp","href":"https:\/\/api.w.org\/{rel}","templated":true}]}}