{"id":243,"date":"2016-12-27T17:36:56","date_gmt":"2016-12-27T16:36:56","guid":{"rendered":"http:\/\/www.was-ist-cosplay.at\/?page_id=243"},"modified":"2025-09-29T18:12:29","modified_gmt":"2025-09-29T16:12:29","slug":"links","status":"publish","type":"page","link":"https:\/\/www.was-ist-cosplay.at\/?page_id=243","title":{"rendered":"Links"},"content":{"rendered":"<p>Veranstaltungen<\/p>\n<p><a href=\"https:\/\/www.manga-comic-con.de\/\" target=\"_blank\" rel=\"noopener\">Manga-Comic-Con<\/a><\/p>\n<p><a href=\"https:\/\/www.japantag-duesseldorf-nrw.de\/\" target=\"_blank\" rel=\"noopener\">Japan-Tag<\/a><\/p>\n<p><a href=\"https:\/\/www.japanimanga-night.ch\/\" target=\"_blank\" rel=\"noopener\">Dokomi<\/a><\/p>\n<p><a href=\"https:\/\/www.japantag-duesseldorf-nrw.de\/\" target=\"_blank\" rel=\"noopener\">Animecon<\/a><\/p>\n<p><a href=\"https:\/\/www.mahou-no-yoru.de\" target=\"_blank\" rel=\"noopener\">Mahou no Yoru<\/a><\/p>\n<p>Diese Website enth\u00e4lt Verkn\u00fcpfungen zu Websites Dritter (\u201eexterne Links\u201c). Diese Websites unterliegen der Haftung der jeweiligen Betreiber. Der Anbieter hat bei der erstmaligen Verkn\u00fcpfung der externen Links die fremden Inhalte daraufhin \u00fcberpr\u00fcft, ob etwaige Rechtsverst\u00f6\u00dfe bestehen. Zu dem Zeitpunkt waren keine Rechtsverst\u00f6\u00dfe ersichtlich. Der Anbieter hat keinerlei Einfluss auf die aktuelle und zuk\u00fcnftige Gestaltung und auf die Inhalte der verkn\u00fcpften Seiten. Das Setzen von externen Links bedeutet nicht, dass sich der Anbieter die hinter dem Verweis oder Link liegenden Inhalte zu Eigen macht. Eine st\u00e4ndige Kontrolle der externen Links ist f\u00fcr den Anbieter ohne konkrete Hinweise auf Rechtsverst\u00f6\u00dfe nicht zumutbar. Bei Kenntnis von Rechtsverst\u00f6\u00dfen werden jedoch derartige externe Links unverz\u00fcglich gel\u00f6scht.<\/p>\n","protected":false},"excerpt":{"rendered":"<p> <span class=\"readmore\"><a href=\"https:\/\/www.was-ist-cosplay.at\/?page_id=243\">Weiterlesen\u00a0\u2026<\/a><\/span><\/p>\n","protected":false},"author":1,"featured_media":0,"parent":0,"menu_order":0,"comment_status":"closed","ping_status":"closed","template":"","meta":{"footnotes":""},"class_list":["post-243","page","type-page","status-publish","hentry"],"_links":{"self":[{"href":"https:\/\/www.was-ist-cosplay.at\/index.php?rest_route=\/wp\/v2\/pages\/243","targetHints":{"allow":["GET"]}}],"collection":[{"href":"https:\/\/www.was-ist-cosplay.at\/index.php?rest_route=\/wp\/v2\/pages"}],"about":[{"href":"https:\/\/www.was-ist-cosplay.at\/index.php?rest_route=\/wp\/v2\/types\/page"}],"author":[{"embeddable":true,"href":"https:\/\/www.was-ist-cosplay.at\/index.php?rest_route=\/wp\/v2\/users\/1"}],"replies":[{"embeddable":true,"href":"https:\/\/www.was-ist-cosplay.at\/index.php?rest_route=%2Fwp%2Fv2%2Fcomments&post=243"}],"version-history":[{"count":8,"href":"https:\/\/www.was-ist-cosplay.at\/index.php?rest_route=\/wp\/v2\/pages\/243\/revisions"}],"predecessor-version":[{"id":397,"href":"https:\/\/www.was-ist-cosplay.at\/index.php?rest_route=\/wp\/v2\/pages\/243\/revisions\/397"}],"wp:attachment":[{"href":"https:\/\/www.was-ist-cosplay.at\/index.php?rest_route=%2Fwp%2Fv2%2Fmedia&parent=243"}],"curies":[{"name":"wp","href":"https:\/\/api.w.org\/{rel}","templated":true}]}}