{"id":30,"date":"2016-12-14T12:45:15","date_gmt":"2016-12-14T11:45:15","guid":{"rendered":"http:\/\/www.was-ist-cosplay.at\/?page_id=30"},"modified":"2016-12-14T21:34:36","modified_gmt":"2016-12-14T20:34:36","slug":"ueber-cosplay","status":"publish","type":"page","link":"https:\/\/www.was-ist-cosplay.at\/?page_id=30","title":{"rendered":"Cosplay"},"content":{"rendered":"<p>Cosplay ist ein Kunstwort, das aus den englischen Begriffen &#8222;costume&#8220; und &#8222;play&#8220; (&#8222;Kost\u00fcmspiel&#8220;) zusammengesetzt ist. Ein Cosplayer versucht einem Charakter aus einem Anime (japanischer Zeichentrickfilm), Film, Manga (japanischer Comic), Videospiel oder ein Mitglied einer japanischen Band durch Kost\u00fcm und Verhalten m\u00f6glichst originalgetreu darzustellen. Der besondere Reiz liegt darin, das Kost\u00fcm und s\u00e4mtliche Requisiten selbst anzufertigen, anschlie\u00dfend Fotos zu machen oder einen Auftritt auszuarbeiten und an Wettbewerben teilzunehmen und sich mit Gleichgesinnten zu treffen.<\/p>\n<p><img loading=\"lazy\" decoding=\"async\" class=\"alignnone size-large wp-image-204\" src=\"https:\/\/www.was-ist-cosplay.at\/wp-content\/uploads\/2016\/12\/64-722x1024.jpg\" alt=\"\" width=\"722\" height=\"1024\" srcset=\"https:\/\/www.was-ist-cosplay.at\/wp-content\/uploads\/2016\/12\/64-722x1024.jpg 722w, https:\/\/www.was-ist-cosplay.at\/wp-content\/uploads\/2016\/12\/64-211x300.jpg 211w, https:\/\/www.was-ist-cosplay.at\/wp-content\/uploads\/2016\/12\/64-768x1090.jpg 768w, https:\/\/www.was-ist-cosplay.at\/wp-content\/uploads\/2016\/12\/64.jpg 874w\" sizes=\"auto, (max-width: 722px) 100vw, 722px\" \/><\/p>\n","protected":false},"excerpt":{"rendered":"<p> <span class=\"readmore\"><a href=\"https:\/\/www.was-ist-cosplay.at\/?page_id=30\">Weiterlesen\u00a0\u2026<\/a><\/span><\/p>\n","protected":false},"author":1,"featured_media":63,"parent":0,"menu_order":0,"comment_status":"closed","ping_status":"closed","template":"","meta":{"footnotes":""},"class_list":["post-30","page","type-page","status-publish","has-post-thumbnail","hentry"],"_links":{"self":[{"href":"https:\/\/www.was-ist-cosplay.at\/index.php?rest_route=\/wp\/v2\/pages\/30","targetHints":{"allow":["GET"]}}],"collection":[{"href":"https:\/\/www.was-ist-cosplay.at\/index.php?rest_route=\/wp\/v2\/pages"}],"about":[{"href":"https:\/\/www.was-ist-cosplay.at\/index.php?rest_route=\/wp\/v2\/types\/page"}],"author":[{"embeddable":true,"href":"https:\/\/www.was-ist-cosplay.at\/index.php?rest_route=\/wp\/v2\/users\/1"}],"replies":[{"embeddable":true,"href":"https:\/\/www.was-ist-cosplay.at\/index.php?rest_route=%2Fwp%2Fv2%2Fcomments&post=30"}],"version-history":[{"count":9,"href":"https:\/\/www.was-ist-cosplay.at\/index.php?rest_route=\/wp\/v2\/pages\/30\/revisions"}],"predecessor-version":[{"id":210,"href":"https:\/\/www.was-ist-cosplay.at\/index.php?rest_route=\/wp\/v2\/pages\/30\/revisions\/210"}],"wp:featuredmedia":[{"embeddable":true,"href":"https:\/\/www.was-ist-cosplay.at\/index.php?rest_route=\/wp\/v2\/media\/63"}],"wp:attachment":[{"href":"https:\/\/www.was-ist-cosplay.at\/index.php?rest_route=%2Fwp%2Fv2%2Fmedia&parent=30"}],"curies":[{"name":"wp","href":"https:\/\/api.w.org\/{rel}","templated":true}]}}