{"id":4,"date":"2016-12-14T12:07:43","date_gmt":"2016-12-14T11:07:43","guid":{"rendered":"http:\/\/www.was-ist-cosplay.at\/?page_id=4"},"modified":"2021-10-05T12:17:30","modified_gmt":"2021-10-05T10:17:30","slug":"seite-2","status":"publish","type":"page","link":"https:\/\/www.was-ist-cosplay.at\/?page_id=4","title":{"rendered":"Der Autor"},"content":{"rendered":"<p><img loading=\"lazy\" decoding=\"async\" class=\"size-medium wp-image-85 alignleft\" src=\"https:\/\/www.was-ist-cosplay.at\/wp-content\/uploads\/2016\/12\/Fritjof-Eckardt-223x300.jpg\" alt=\"\" width=\"223\" height=\"300\" srcset=\"https:\/\/www.was-ist-cosplay.at\/wp-content\/uploads\/2016\/12\/Fritjof-Eckardt-223x300.jpg 223w, https:\/\/www.was-ist-cosplay.at\/wp-content\/uploads\/2016\/12\/Fritjof-Eckardt.jpg 742w\" sizes=\"auto, (max-width: 223px) 100vw, 223px\" \/><\/p>\n<p>Fritjof Eckardt (46) als \u201ePuka\u201c im <span class=\"_5yl5\">deutschen und internationalen Japanese Popculture Fandom<\/span> bekannt, Medieninformatiker aus D\u00fcsseldorf, besch\u00e4ftigt sich inzwischen seit \u00fcber 25 Jahren mit dem Thema Anime, Cosplay, Japan und Manga. Anf\u00e4nglich nur als Fan und Veranstaltungsbesucher, sp\u00e4ter auch als Helfer, Co-Organisator, Jurymitglied, Betreuer und Berater von zahlreichen Veranstaltungen, Wettbewerben und (japanischen) Ehreng\u00e4sten.<\/p>\n<p>Als Erg\u00e4nzung zum <a href=\"https:\/\/www.was-ist-cosplay.at\/?page_id=2\">Buch<\/a>, biete ich (einf\u00fchrende) Vortr\u00e4ge zum Thema Cosplay mit verschiedenen Schwerpunkten an. Bei Interesse kontaktieren Sie mich bitte unter<br \/>\n<a href=\"mailto:info@was-ist-cosplay.de\"><span class=\"text_exposed_show\">info@was-ist-cosplay.de<\/span><\/a> kontaktieren. Vielen Dank.<\/p>\n<p><img loading=\"lazy\" decoding=\"async\" class=\"alignnone size-large wp-image-75\" src=\"https:\/\/www.was-ist-cosplay.at\/wp-content\/uploads\/2016\/12\/slider-autor-1024x439.jpg\" alt=\"\" width=\"840\" height=\"360\" srcset=\"https:\/\/www.was-ist-cosplay.at\/wp-content\/uploads\/2016\/12\/slider-autor-1024x439.jpg 1024w, https:\/\/www.was-ist-cosplay.at\/wp-content\/uploads\/2016\/12\/slider-autor-300x129.jpg 300w, https:\/\/www.was-ist-cosplay.at\/wp-content\/uploads\/2016\/12\/slider-autor-768x329.jpg 768w, https:\/\/www.was-ist-cosplay.at\/wp-content\/uploads\/2016\/12\/slider-autor.jpg 1680w\" sizes=\"auto, (max-width: 840px) 100vw, 840px\" \/><\/p>\n","protected":false},"excerpt":{"rendered":"<p> <span class=\"readmore\"><a href=\"https:\/\/www.was-ist-cosplay.at\/?page_id=4\">Weiterlesen\u00a0\u2026<\/a><\/span><\/p>\n","protected":false},"author":1,"featured_media":75,"parent":0,"menu_order":0,"comment_status":"closed","ping_status":"closed","template":"","meta":{"footnotes":""},"class_list":["post-4","page","type-page","status-publish","has-post-thumbnail","hentry"],"_links":{"self":[{"href":"https:\/\/www.was-ist-cosplay.at\/index.php?rest_route=\/wp\/v2\/pages\/4","targetHints":{"allow":["GET"]}}],"collection":[{"href":"https:\/\/www.was-ist-cosplay.at\/index.php?rest_route=\/wp\/v2\/pages"}],"about":[{"href":"https:\/\/www.was-ist-cosplay.at\/index.php?rest_route=\/wp\/v2\/types\/page"}],"author":[{"embeddable":true,"href":"https:\/\/www.was-ist-cosplay.at\/index.php?rest_route=\/wp\/v2\/users\/1"}],"replies":[{"embeddable":true,"href":"https:\/\/www.was-ist-cosplay.at\/index.php?rest_route=%2Fwp%2Fv2%2Fcomments&post=4"}],"version-history":[{"count":15,"href":"https:\/\/www.was-ist-cosplay.at\/index.php?rest_route=\/wp\/v2\/pages\/4\/revisions"}],"predecessor-version":[{"id":389,"href":"https:\/\/www.was-ist-cosplay.at\/index.php?rest_route=\/wp\/v2\/pages\/4\/revisions\/389"}],"wp:featuredmedia":[{"embeddable":true,"href":"https:\/\/www.was-ist-cosplay.at\/index.php?rest_route=\/wp\/v2\/media\/75"}],"wp:attachment":[{"href":"https:\/\/www.was-ist-cosplay.at\/index.php?rest_route=%2Fwp%2Fv2%2Fmedia&parent=4"}],"curies":[{"name":"wp","href":"https:\/\/api.w.org\/{rel}","templated":true}]}}