{"id":41,"date":"2016-12-14T12:49:04","date_gmt":"2016-12-14T11:49:04","guid":{"rendered":"http:\/\/www.was-ist-cosplay.at\/?page_id=41"},"modified":"2018-07-10T23:11:47","modified_gmt":"2018-07-10T21:11:47","slug":"presse","status":"publish","type":"page","link":"https:\/\/www.was-ist-cosplay.at\/?page_id=41","title":{"rendered":"Presse"},"content":{"rendered":"<p>In den letzten Monaten wurde \u00fcber das Projekt in vielf\u00e4ltigen Medien berichtet. Anfragen sind immer gern gesehen und willkommen. Kontaktieren Sie mich f\u00fcr Berichte, Interviews oder (Gast-)Kommentare unter <a href=\"mailto:info@was-ist-cosplay.de\">info@was-ist-cosplay.de<\/a>. Vielen Dank.<\/p>\n<p>&nbsp;<\/p>\n<p><strong><u>Informationsmaterial<\/u><\/strong><\/p>\n<p><a href=\"https:\/\/www.was-ist-cosplay.at\/wp-content\/uploads\/2016\/12\/pr-flyer-a5.pdf\" target=\"_blank\" rel=\"noopener\">Buch Flyer<\/a><\/p>\n<p><a href=\"https:\/\/www.was-ist-cosplay.at\/wp-content\/uploads\/2016\/12\/pressemitteilung.pdf\" target=\"_blank\" rel=\"noopener\">Pressemitteilung<\/a><\/p>\n<p>&nbsp;<\/p>\n<p><strong><u>Bisherige Medienberichte \/ Auftritte<\/u><\/strong><\/p>\n<ul>\n<li>Youtube, Tabletennisgamer, Ich pack \u201eWas ist Cosplay?\u201c aus, 08.05.2015<br \/>\n<a href=\"https:\/\/www.youtube.com\/watch?v=bbs1O-7ZSEc\">https:\/\/www.youtube.com\/watch?v=bbs1O-7ZSEc<\/a><\/li>\n<li>Animepro, Bericht \u00fcber das Buch \u201eWas ist Cosplay?\u201c, 19.07.2015<br \/>\n<a href=\"https:\/\/www.animepro.de\/lifestyle\/sachbuch\/8826_was-ist-cosplay-buch\">https:\/\/www.animepro.de\/lifestyle\/sachbuch\/8826_was-ist-cosplay-buch<\/a><\/li>\n<li>Koneko Magazin #70, Bericht \u00fcber das Buch \u201eWas ist Cosplay?\u201c<\/li>\n<li>Koneko Magazin #71, Gewinnspiel Buch \u201eWas ist Cosplay?\u201c<\/li>\n<li>Aktuelle Stunde, Kommentar im Bericht \u201eDas Gesch\u00e4ft mit der Comic Con\u201c,\u00a0 WDR, 05.12.2015<\/li>\n<li>Leipziger Blatt, Betrachtung zum Buch \u201cWas ist Cosplay?\u201d, 17.03.2016<br \/>\n<a href=\"https:\/\/leipzigerblatt.wordpress.com\/2016\/03\/17\/betrachtung-zum-buch-was-ist-cosplay\/\">https:\/\/leipzigerblatt.wordpress.com\/2016\/03\/17\/betrachtung-zum-buch-was-ist-cosplay\/<\/a><\/li>\n<li>MWZ, Cosplayer bei der Buchmesse, 20.03.2016<br \/>\n<a href=\"https:\/\/mobil.nwzonline.de\/kultur\/miau-japanische-comicfiguren-in-leipzig_a_6,1,1215930066.html\">https:\/\/mobil.nwzonline.de\/kultur\/miau-japanische-comicfiguren-in-leipzig_a_6,1,1215930066.html<\/a><\/li>\n<li>Youtube, Aceton, LBM 2016 Vlog + Gewinnspiel<strong>, <\/strong>21.03.2016<br \/>\n<a href=\"https:\/\/www.youtube.com\/watch?v=BEaQBlcr9Jk\">https:\/\/www.youtube.com\/watch?v=BEaQBlcr9Jk<\/a><\/li>\n<li>Freie Presse Suhl, Kein Kinderquatsch: Cosplayer sind echte K\u00fcnstler, 23.03.2016<\/li>\n<li>Ruckzuckbuch.de,<br \/>\nKurzbericht \/ Res\u00fcmee: Mein Messestand auf der LBM \u2013\u00a0 Fritjof Eckardt, 29.03.2016<br \/>\n<a href=\"https:\/\/www.ruckzuckbuch.de\/blog\/artikel\/cosplay-fritjof-eckardt\">https:\/\/www.ruckzuckbuch.de\/blog\/artikel\/cosplay-fritjof-eckardt<\/a><\/li>\n<li>Toxic Sushi #17, Seite 8, Bericht \u00fcber das Buch \u201eWas ist Cosplay?\u201c, Mai 2016<\/li>\n<li>b\u00fcchererleben, Das Magazin der Leipziger Buchmesse, Seite 14 \u2013 15, September 2016<br \/>\n<a href=\"https:\/\/www.leipziger-buchmesse.de\/Buecherleben\/_Da-steht-eure-Zielgruppe_.html\">https:\/\/www.leipziger-buchmesse.de\/Buecherleben\/_Da-steht-eure-Zielgruppe_.html<\/a><\/li>\n<li>bts info (Berufsfachschule Basel), \u201elesenswert\u201c, Seite 20<br \/>\n<a href=\"https:\/\/www.bfsbs.ch\/zentrale-dateiablage\/ueber-uns\/publikationen\/bfs-info\/2016%20hs\">BTS Info Herbst 2016<\/a><\/li>\n<li>Rheinische Post , In D\u00fcsseldorf, \u00dcber die Kunst des Cosplay, November 2016<\/li>\n<li>Rheinische Post, Cosplay \u2013 ein Blick hinter die Kulissen im EKO-Haus, 7.11.2016<\/li>\n<li>Westdeutsche Zeitung, Niederkassel: Cosplay-Kost\u00fcme im EKO-Haus, 8.11.2016<\/li>\n<li>Westdeutsche Zeitung, Knallbunte Comic-Figuren st\u00fcrmen das Eko-Haus, 9.11.2016<\/li>\n<li>Rheinische Post, Kost\u00fcme und Kulissen des Cosplay, 11.11.2016<\/li>\n<li>Theycallitkleinparis, Blog, Zeit der bunten V\u00f6gel \u2013 Cosplay \u2013 Ausstellung im EKO-Haus, 16.11.2016<br \/>\n<a href=\"https:\/\/www.theycallitkleinparis.de\/2016\/11\/16\/aus-phantasien-cosplay-ausstellung-im-eko-haus\/\">https:\/\/www.theycallitkleinparis.de\/2016\/11\/16\/aus-phantasien-cosplay-ausstellung-im-eko-haus\/<\/a><\/li>\n<li>Teilzeithelden.de, Ausstellung: Cosplay \u2013 Ein erster Blick hinter die Kulissen, 9.12.2016<br \/>\n<a href=\"https:\/\/www.teilzeithelden.de\/2016\/12\/09\/austellung-cosplay-ein-erster-blick-hinter-die-kulissen\/\">https:\/\/www.teilzeithelden.de\/2016\/12\/09\/austellung-cosplay-ein-erster-blick-hinter-die-kulissen\/<\/a><\/li>\n<li>Bild der Frau, Ausgabe 29.12.2016, Seite 26\/27,<br \/>\n&#8222;Cosplay&#8220; ist ein Verkleidungs-Spa\u00df aus Japan<\/li>\n<li>Darum geh\u00f6rt Cosplay auf die Buchmesse, MDR &#8211; LBM Homepage, 01.03.2018<br \/>\n<a href=\"https:\/\/www.mdr.de\/kultur\/cosplay-auf-der-buchmesse-pro-fritjof-eckardt-100.html\">https:\/\/www.mdr.de\/kultur\/cosplay-auf-der-buchmesse-pro-fritjof-eckardt-100.html<\/a><\/li>\n<li>Cosplay: So verwandelt sich Sina in eine Disney-Prinzessin, Tag24.de, 28.06.2018<br \/>\n<a href=\"https:\/\/www.tag24.de\/nachrichten\/stuttgart-esslingen-cosplay-sina-voss-kostuem-verkleiden-film-fernsehen-manga-hobby-comic-con-germany-660465\" target=\"_blank\" rel=\"noopener\">https:\/\/www.tag24.de\/nachrichten\/stuttgart-esslingen-cosplay-sina-voss-kostuem-verkleiden-film-fernsehen-manga-hobby-comic-con-germany-660465<\/a><\/li>\n<li>Einmal Filmheld oder Comic-Figur sein, Schw\u00e4bische Zeitung, Seite3, 02.07.2018<\/li>\n<li>Interview mit Fritjof \u201ePuka\u201c Eckardt<br \/>\nTeil 1 <a href=\"https:\/\/www.teilzeithelden.de\/2018\/07\/04\/interview-mit-fritjof-puka-eckardt-teil-1-die-alte-zeit-ehrengaeste-und-mehr\/\" target=\"_blank\" rel=\"noopener\">https:\/\/www.teilzeithelden.de\/2018\/07\/04\/interview-mit-fritjof-puka-eckardt-teil-1-die-alte-zeit-ehrengaeste-und-mehr\/<\/a><br \/>\nTeil\u00a0<a href=\"https:\/\/www.teilzeithelden.de\/2018\/07\/10\/interview-fritjof-puka-eckardt-teil-2-motivation-erfahrungen-und-cosplay\/\" target=\"_blank\" rel=\"noopener\">2 https:\/\/www.teilzeithelden.de\/2018\/07\/10\/interview-fritjof-puka-eckardt-teil-2-motivation-erfahrungen-und-cosplay\/<\/a><\/li>\n<\/ul>\n","protected":false},"excerpt":{"rendered":"<p> <span class=\"readmore\"><a href=\"https:\/\/www.was-ist-cosplay.at\/?page_id=41\">Weiterlesen\u00a0\u2026<\/a><\/span><\/p>\n","protected":false},"author":1,"featured_media":216,"parent":0,"menu_order":0,"comment_status":"closed","ping_status":"closed","template":"","meta":{"footnotes":""},"class_list":["post-41","page","type-page","status-publish","has-post-thumbnail","hentry"],"_links":{"self":[{"href":"https:\/\/www.was-ist-cosplay.at\/index.php?rest_route=\/wp\/v2\/pages\/41","targetHints":{"allow":["GET"]}}],"collection":[{"href":"https:\/\/www.was-ist-cosplay.at\/index.php?rest_route=\/wp\/v2\/pages"}],"about":[{"href":"https:\/\/www.was-ist-cosplay.at\/index.php?rest_route=\/wp\/v2\/types\/page"}],"author":[{"embeddable":true,"href":"https:\/\/www.was-ist-cosplay.at\/index.php?rest_route=\/wp\/v2\/users\/1"}],"replies":[{"embeddable":true,"href":"https:\/\/www.was-ist-cosplay.at\/index.php?rest_route=%2Fwp%2Fv2%2Fcomments&post=41"}],"version-history":[{"count":20,"href":"https:\/\/www.was-ist-cosplay.at\/index.php?rest_route=\/wp\/v2\/pages\/41\/revisions"}],"predecessor-version":[{"id":320,"href":"https:\/\/www.was-ist-cosplay.at\/index.php?rest_route=\/wp\/v2\/pages\/41\/revisions\/320"}],"wp:featuredmedia":[{"embeddable":true,"href":"https:\/\/www.was-ist-cosplay.at\/index.php?rest_route=\/wp\/v2\/media\/216"}],"wp:attachment":[{"href":"https:\/\/www.was-ist-cosplay.at\/index.php?rest_route=%2Fwp%2Fv2%2Fmedia&parent=41"}],"curies":[{"name":"wp","href":"https:\/\/api.w.org\/{rel}","templated":true}]}}