{"id":44,"date":"2016-12-14T12:51:19","date_gmt":"2016-12-14T11:51:19","guid":{"rendered":"http:\/\/www.was-ist-cosplay.at\/?page_id=44"},"modified":"2019-06-12T14:47:37","modified_gmt":"2019-06-12T12:47:37","slug":"termine","status":"publish","type":"page","link":"https:\/\/www.was-ist-cosplay.at\/?page_id=44","title":{"rendered":"Termine"},"content":{"rendered":"<p>Das Projekt ist auf verschiedenen Veranstaltungen im In- und Ausland unterwegs, als Cosplay-Ausstellung, mit Stand, als Buchpr\u00e4sentation, in Paneldiskussionen, mit Vortr\u00e4gen oder steht Ihnen auch beratend zum Thema Cosplay f\u00fcr Ihre Veranstaltungen zur Seite. Wenden Sie sich bei Anfragen an <a href=\"mailto:info@was-ist-cosplay.de\">info@was-ist-cosplay.de<\/a>. Vielen Dank.<\/p>\n<p><strong><u>Bisherige Vortr\u00e4ge \/ Panels<br \/>\n<\/u><\/strong><\/p>\n<ul>\n<li>Symposium \u201eJapan-Pop ohne Grenzen\u201c, Universit\u00e4t D\u00fcsseldorf, Deutschland, 22.05.2015<\/li>\n<li>Animecon 2015, Den Haag, Niederlande, 12.-14.06.2015<\/li>\n<li>Connichi 2015, Kassel, Deutschland, 18.-20.09.2015<\/li>\n<li>Leipziger Buchmesse \/ Manga Comic Convention 2016, 17.-20.03.2016<br \/>\nFreitag (18.03.2016) 16:00 &#8211; 16:30 und Sonntag (20.03.2016) 16:15 &#8211; 16:45, Schwarzes Sofa<\/li>\n<li>International Cosplay Panel, Teilnehmer, JapAniManga Night 2016, Davos, Schweiz, 28.\/29.05.2016<\/li>\n<li>Cool Japan &#8211; How manga, anime, and cosplay are received in Europe, Symposium<br \/>\nAoyama Gakuin University, Tokyo, Japan, 22.07.2016<\/li>\n<li>Cosplay Ausstellung und Vortrag, EKO-Haus, D\u00fcsseldorf, Deutschland, 8.11 \u2013 11.12.2016<\/li>\n<li>Industrieclub D\u00fcsseldorf, D\u00fcsseldorf, Deutschland, 4.4.2017<\/li>\n<li>Animecon, Den Haag, Lecture: Cosplay \u2013 Economical and political impact, 11.06.2017<\/li>\n<li>VHS D\u00fcsseldorf, D\u00fcsseldorf, Cosplay?! Was ist das? Ein Tag f\u00fcr Interessierte, 02.09.2017<\/li>\n<li>Cosplay Festival Bern, 11.\/12.12.2017, Bern, Schweiz<\/li>\n<li>Anime Marathon, K\u00f6nigslutter,\u00a004.-06.05.2018<\/li>\n<li>Role Play Convention 2018, K\u00f6ln, 12.05.2018<\/li>\n<li>Wie.Mai.Kai, Fl\u00f6rsheim, 16.-17.6.2018<\/li>\n<li>Was ist Cosplay?<br \/>\nPia K\u00f6rner meets Fritjof Eckardt, K21 St\u00e4ndehaus, 10.11.2018<\/li>\n<li>Cool Japan Summit, Dokomi 2019, D\u00fcsseldorf, 09.06.2019<\/li>\n<\/ul>\n<p><strong><u>Bisherige Messest\u00e4nde<\/u><\/strong><\/p>\n<ul>\n<li>Dokomi 2015, D\u00fcsseldorf, Deutschland, 23.-24.05.2015<\/li>\n<li>Japan Tag 2015, D\u00fcsseldorf, Deutschland, 30.05.2015<\/li>\n<li>Frankfurter Buchmesse,<br \/>\nBuch am Stand von Ruckzuckbuch.de (Publisher) ausgestellt, 14.-18.10.2015<br \/>\nBuch am Stand Japan Foundation ausgestellt, 14.-18.10.2015<\/li>\n<li>Leipziger Buchmesse \/ Manga Comic Convention 2016, 17.-20.03.2016<\/li>\n<li>Dokomi 2016, D\u00fcsseldorf, Deutschland, 30.04.-01.05.2016<\/li>\n<li>Dokomi, 03.\/04.06.2017, D\u00fcsseldorf (Stand, Organisation &amp; Sponsoring der Cosplay Ehreng\u00e4ste)<\/li>\n<li>Cosplay Festival Bern, 11.\/12.12.2017, Bern, Schweiz<\/li>\n<li>Dokomi 2018: Organisation &amp; Sponsoring der Cosplay Ehreng\u00e4ste<\/li>\n<li>Dokomi 2019 (Aussteller), D\u00fcsseldorf, 08.-09.06.2019<\/li>\n<\/ul>\n<p><strong><u>Weitere Projekte \/ Sponsoring<\/u><\/strong><\/p>\n<ul>\n<li>Dokomi 2016: Organisation &amp; Sponsoring der Cosplay Ehreng\u00e4ste (Liui, Sansin &amp; Tomia)<\/li>\n<li>Manga-Wettbewerb Japan-Tag \/ Goetheinstitut 2015 \/ 2016 Sachpreise<\/li>\n<li>Dokomi 2017: Organisation &amp; Sponsoring der Cosplay Ehreng\u00e4ste und Danny Choo<\/li>\n<li>Dokomi 2018: Organisation &amp; Sponsoring der Cosplay Ehreng\u00e4ste<\/li>\n<\/ul>\n","protected":false},"excerpt":{"rendered":"<p> <span class=\"readmore\"><a href=\"https:\/\/www.was-ist-cosplay.at\/?page_id=44\">Weiterlesen\u00a0\u2026<\/a><\/span><\/p>\n","protected":false},"author":1,"featured_media":213,"parent":0,"menu_order":0,"comment_status":"closed","ping_status":"closed","template":"","meta":{"footnotes":""},"class_list":["post-44","page","type-page","status-publish","has-post-thumbnail","hentry"],"_links":{"self":[{"href":"https:\/\/www.was-ist-cosplay.at\/index.php?rest_route=\/wp\/v2\/pages\/44","targetHints":{"allow":["GET"]}}],"collection":[{"href":"https:\/\/www.was-ist-cosplay.at\/index.php?rest_route=\/wp\/v2\/pages"}],"about":[{"href":"https:\/\/www.was-ist-cosplay.at\/index.php?rest_route=\/wp\/v2\/types\/page"}],"author":[{"embeddable":true,"href":"https:\/\/www.was-ist-cosplay.at\/index.php?rest_route=\/wp\/v2\/users\/1"}],"replies":[{"embeddable":true,"href":"https:\/\/www.was-ist-cosplay.at\/index.php?rest_route=%2Fwp%2Fv2%2Fcomments&post=44"}],"version-history":[{"count":38,"href":"https:\/\/www.was-ist-cosplay.at\/index.php?rest_route=\/wp\/v2\/pages\/44\/revisions"}],"predecessor-version":[{"id":345,"href":"https:\/\/www.was-ist-cosplay.at\/index.php?rest_route=\/wp\/v2\/pages\/44\/revisions\/345"}],"wp:featuredmedia":[{"embeddable":true,"href":"https:\/\/www.was-ist-cosplay.at\/index.php?rest_route=\/wp\/v2\/media\/213"}],"wp:attachment":[{"href":"https:\/\/www.was-ist-cosplay.at\/index.php?rest_route=%2Fwp%2Fv2%2Fmedia&parent=44"}],"curies":[{"name":"wp","href":"https:\/\/api.w.org\/{rel}","templated":true}]}}